{"id":1232,"date":"2012-05-24T18:25:27","date_gmt":"2012-05-24T18:25:27","guid":{"rendered":"http:\/\/aboriginalawarenesscanada.com\/?page_id=14"},"modified":"2017-08-17T20:39:21","modified_gmt":"2017-08-17T20:39:21","slug":"about-indigenous-awareness-canada","status":"publish","type":"page","link":"https:\/\/indigenousawarenesscanada.com\/fr\/about-indigenous-awareness-canada\/","title":{"rendered":"\u00c0 propos de Sensibilisation aux Autochtones Canada"},"content":{"rendered":"<style type=\"text\/css\" data-created_by=\"avia_inline_auto\" id=\"style-css-av-av_hr-4474f20d2389e2e5ecf918a02da5132e\">\n#top .hr.hr-invisible.av-av_hr-4474f20d2389e2e5ecf918a02da5132e{\nheight:50px;\n}\n<\/style>\n<div  class='hr av-av_hr-4474f20d2389e2e5ecf918a02da5132e hr-invisible  avia-builder-el-0  el_before_av_textblock  avia-builder-el-first'><span class='hr-inner'><span class=\"hr-inner-style\"><\/span><\/span><\/div>\n<section  class='av_textblock_section av-av_textblock-2de302bf1aa3cf4c9157dbe6f50ac7eb'   itemscope=\"itemscope\" itemtype=\"https:\/\/schema.org\/CreativeWork\" ><div class='avia_textblock'  itemprop=\"text\" ><h1>\u00c0 propos de Sensibilisation aux Autochtones Canada<\/h1>\n<\/div><\/section>\n\n<style type=\"text\/css\" data-created_by=\"avia_inline_auto\" id=\"style-css-av-av_hr-17d11e97aa973340d5eb3c8b74503bf7\">\n#top .hr.hr-invisible.av-av_hr-17d11e97aa973340d5eb3c8b74503bf7{\nmargin-top:0px;\nheight:1px;\n}\n<\/style>\n<div  class='hr av-av_hr-17d11e97aa973340d5eb3c8b74503bf7 hr-invisible  avia-builder-el-2  el_after_av_textblock  el_before_av_one_half'><span class='hr-inner'><span class=\"hr-inner-style\"><\/span><\/span><\/div>\n<div  class='flex_column av-av_one_half-2a9015ff38129c418a3f2eafba3e9512 av_one_half  avia-builder-el-3  el_after_av_hr  el_before_av_one_half  first flex_column_div'     ><section  class='av_textblock_section av-av_textblock-2de302bf1aa3cf4c9157dbe6f50ac7eb'   itemscope=\"itemscope\" itemtype=\"https:\/\/schema.org\/CreativeWork\" ><div class='avia_textblock'  itemprop=\"text\" ><p>Sensibilisation aux Autochtones Canada offre une formation en ligne sur la sensibilisation aux Autochtones, des ateliers de formation sur la sensibilisation aux Autochtones, des ateliers de sensibilisation, de recrutement et de maintien des emplois autochtones et des ateliers de consultation aupr\u00e8s des Autochtones partout au Canada.<\/p>\n<p>Nous avons con\u00e7u nos formations et ateliers en ligne pour ceux qui interagissent avec les gouvernements, les entreprises et les communaut\u00e9s autochtones.<\/p>\n<p>Apprenez \u00e0 \u00e9tablir des relations de confiance positives pour am\u00e9liorer votre efficacit\u00e9 aupr\u00e8s des peuples autochtones.<\/p>\n<\/div><\/section><\/div>\n\n<style type=\"text\/css\" data-created_by=\"avia_inline_auto\" id=\"style-css-av-av_one_half-2a64de42b738552fe666ca889af77e28\">\n.flex_column.av-av_one_half-2a64de42b738552fe666ca889af77e28{\nborder-radius:0px 0px 0px 0px;\npadding:0px 0px 0px 0px;\n}\n<\/style>\n<div  class='flex_column av-av_one_half-2a64de42b738552fe666ca889af77e28 av_one_half  avia-builder-el-5  el_after_av_one_half  el_before_av_textblock  flex_column_div av-zero-column-padding'     ><div  class='avia-video av-av_video-76b456fca16eda4a58614a3d309f0bc7 avia-video-16-9 av-no-preview-image avia-video-load-always av-lazyload-immediate av-lazyload-video-embed'  itemprop=\"video\" itemtype=\"https:\/\/schema.org\/VideoObject\"  data-original_url='https:\/\/www.youtube.com\/watch?v=kRmJcuJ839A'><script type='text\/html' class='av-video-tmpl'><div class='avia-iframe-wrap'><iframe loading=\"lazy\" width=\"1500\" height=\"844\" src=\"https:\/\/www.youtube.com\/embed\/kRmJcuJ839A?feature=oembed&autoplay=0&loop=0&controls=1&mute=0\" frameborder=\"0\" allowfullscreen><\/iframe><\/div><\/script><div class='av-click-to-play-overlay'><div class=\"avia_playpause_icon\"><\/div><\/div><\/div><\/div>\n<section  class='av_textblock_section av-av_textblock-2de302bf1aa3cf4c9157dbe6f50ac7eb'   itemscope=\"itemscope\" itemtype=\"https:\/\/schema.org\/CreativeWork\" ><div class='avia_textblock'  itemprop=\"text\" ><p>Vous en apprendrez davantage sur l&#039;histoire, la terminologie, les trait\u00e9s, les revendications territoriales, la g\u00e9ographie, les populations, la d\u00e9mographie, les structures politiques, la prise de d\u00e9cision, le co\u00fbt du statu quo, les affaires judiciaires historiques et bien plus encore. Nous abordons \u00e9galement les probl\u00e8mes et les pr\u00e9occupations li\u00e9s \u00e0 la sensibilisation, au recrutement et \u00e0 la r\u00e9tention d&#039;employ\u00e9s autochtones qualifi\u00e9s.<\/p>\n<p>Que vous soyez un cadre, un cadre sup\u00e9rieur, des affaires publiques, de la supervision, des services des ressources humaines ou des entrepreneurs, vous trouverez cette information de la plus haute valeur. En sensibilisant et confortant par la connaissance, nous am\u00e9liorons l&#039;efficacit\u00e9 de chacun.<\/p>\n<\/div><\/section>\n<section  class='av_textblock_section av-av_textblock-2de302bf1aa3cf4c9157dbe6f50ac7eb'   itemscope=\"itemscope\" itemtype=\"https:\/\/schema.org\/CreativeWork\" ><div class='avia_textblock'  itemprop=\"text\" ><h2>Sensibilisation aux Autochtones Canada<br \/>\nLe leader mondial de la formation sur la sensibilisation aux Autochtones<\/h2>\n<p>Formation de sensibilisation aux Autochtones? Nous avons invent\u00e9 le terme.<\/p>\n<p>Nous sommes l&#039;original et offrons de loin la formation de sensibilisation autochtone la meilleure et la plus compl\u00e8te disponible. De nombreuses entreprises ont essay\u00e9 de copier ce que nous faisons. Nous appr\u00e9cions vraiment la meilleure forme de flatterie. Cependant, le fait est que notre formation de sensibilisation aux Autochtones \u00e9tablit la norme que tous les autres essaient de suivre.<\/p>\n<p style=\"text-align: center;\"><strong>32+ ann\u00e9es d&#039;exp\u00e9rience | 66 000+ participants satisfaits de l&#039;atelier | 51 000+ certifications en ligne | 950+ clients | 2500+ ateliers<\/strong><\/p>\n<\/div><\/section>\n<div  class='avia-builder-widget-area clearfix  avia-builder-el-9  el_after_av_textblock  avia-builder-el-last'><div id=\"mla-text-widget-6\" class=\"widget clearfix mla_text_widget\">\t\t\t\n<style type=\"text\/css\" data-created_by=\"avia_inline_auto\" id=\"style-css-av-av_hr-0688d0b0b6ed2f8b057db7a8270206df\">\n#top .hr.hr-invisible.av-av_hr-0688d0b0b6ed2f8b057db7a8270206df{\nheight:50px;\n}\n<\/style>\n<div  class='hr av-av_hr-0688d0b0b6ed2f8b057db7a8270206df hr-invisible'><span class='hr-inner'><span class=\"hr-inner-style\"><\/span><\/span><\/div>\r\n\r\n\n<style type=\"text\/css\" data-created_by=\"avia_inline_auto\" id=\"style-css-av-av_one_third-15d750bd1b332b34c6e70b077ebbccdf\">\n.flex_column.av-av_one_third-15d750bd1b332b34c6e70b077ebbccdf{\nborder-radius:0px 0px 0px 0px;\npadding:0px 0px 0px 0px;\n}\n<\/style>\n<div  class='flex_column av-av_one_third-15d750bd1b332b34c6e70b077ebbccdf av_one_third first flex_column_div av-zero-column-padding'     ><div  class='avia-button-wrap avia-button-center'>\n<style type=\"text\/css\" data-created_by=\"avia_inline_auto\" id=\"style-css-av-av_button_big-2b2d7560c8a8c9dce4b42f3e2749c56c\">\n#top #wrap_all .avia-button.av-av_button_big-2b2d7560c8a8c9dce4b42f3e2749c56c{\ncolor:#ffffff;\ntransition:all 0.4s ease-in-out;\n}\n#top #wrap_all .avia-button.av-av_button_big-2b2d7560c8a8c9dce4b42f3e2749c56c:hover{\nbackground-color:blue;\ncolor:#ffffff;\ntransition:all 0.4s ease-in-out;\n}\n#top #wrap_all .avia-button.av-av_button_big-2b2d7560c8a8c9dce4b42f3e2749c56c .avia-svg-icon svg:first-child{\nfill:#ffffff;\nstroke:#ffffff;\n}\n#top #wrap_all .avia-button.av-av_button_big-2b2d7560c8a8c9dce4b42f3e2749c56c:hover .avia-svg-icon svg:first-child{\nfill:#ffffff;\nstroke:#ffffff;\n}\n<\/style>\n<a href='https:\/\/indigenousawarenesscanada.com\/fr\/indigenous-awareness-online-training\/' class='avia-color-theme-color avia-button avia-button-fullwidth av-av_button_big-2b2d7560c8a8c9dce4b42f3e2749c56c avia-icon_select-yes-left-icon avia-color-theme-color'   aria-label=\"Parcours d&#039;apprentissage\"><span class='avia_button_icon avia_button_icon_left avia-iconfont avia-font-entypo-fontello' data-av_icon='\ue841' data-av_iconfont='entypo-fontello' ><\/span><span class='avia_iconbox_title' >Parcours d&#039;apprentissage<\/span><div class='av-button-description av-button-description-below'><p>D\u00e9couvrez nos cours<br \/>D\u00e9veloppez vos connaissances<\/p>\n<\/div><\/a><\/div><\/div>\n<style type=\"text\/css\" data-created_by=\"avia_inline_auto\" id=\"style-css-av-av_one_third-c8fc129dc35fd1ae2a1e410224d39ea8\">\n.flex_column.av-av_one_third-c8fc129dc35fd1ae2a1e410224d39ea8{\nborder-radius:0px 0px 0px 0px;\npadding:0px 0px 0px 0px;\n}\n<\/style>\n<div  class='flex_column av-av_one_third-c8fc129dc35fd1ae2a1e410224d39ea8 av_one_third flex_column_div av-zero-column-padding'     ><div  class='avia-button-wrap avia-button-center'>\n<style type=\"text\/css\" data-created_by=\"avia_inline_auto\" id=\"style-css-av-av_button_big-4ed0ccfd8e9b77849d12d00b9c9015bd\">\n#top #wrap_all .avia-button.av-av_button_big-4ed0ccfd8e9b77849d12d00b9c9015bd{\ncolor:#ffffff;\ntransition:all 0.4s ease-in-out;\n}\n#top #wrap_all .avia-button.av-av_button_big-4ed0ccfd8e9b77849d12d00b9c9015bd:hover{\nbackground-color:#af6060;\ncolor:#ffffff;\ntransition:all 0.4s ease-in-out;\n}\n#top #wrap_all .avia-button.av-av_button_big-4ed0ccfd8e9b77849d12d00b9c9015bd .avia-svg-icon svg:first-child{\nfill:#ffffff;\nstroke:#ffffff;\n}\n#top #wrap_all .avia-button.av-av_button_big-4ed0ccfd8e9b77849d12d00b9c9015bd:hover .avia-svg-icon svg:first-child{\nfill:#ffffff;\nstroke:#ffffff;\n}\n<\/style>\n<a href='https:\/\/indigenousawarenesscanada.com\/fr\/shop\/' class='avia-color-red avia-button avia-button-fullwidth av-av_button_big-4ed0ccfd8e9b77849d12d00b9c9015bd avia-icon_select-yes-left-icon avia-color-red'   aria-label=\"Boutique en ligne\"><span class='avia_button_icon avia_button_icon_left avia-iconfont avia-font-entypo-fontello' data-av_icon='\ue859' data-av_iconfont='entypo-fontello' ><\/span><span class='avia_iconbox_title' >Boutique en ligne<\/span><div class='av-button-description av-button-description-below'><p>Acheter des cours et des forfaits<br \/>Obtenez un acc\u00e8s instantan\u00e9<\/p>\n<\/div><\/a><\/div><\/div>\n<style type=\"text\/css\" data-created_by=\"avia_inline_auto\" id=\"style-css-av-av_one_third-c8fc129dc35fd1ae2a1e410224d39ea8\">\n.flex_column.av-av_one_third-c8fc129dc35fd1ae2a1e410224d39ea8{\nborder-radius:0px 0px 0px 0px;\npadding:0px 0px 0px 0px;\n}\n<\/style>\n<div  class='flex_column av-av_one_third-c8fc129dc35fd1ae2a1e410224d39ea8 av_one_third flex_column_div av-zero-column-padding'     ><div  class='avia-button-wrap avia-button-center'>\n<style type=\"text\/css\" data-created_by=\"avia_inline_auto\" id=\"style-css-av-av_button_big-61b15b17f66d47863c7e4d9d7416b06a\">\n#top #wrap_all .avia-button.av-av_button_big-61b15b17f66d47863c7e4d9d7416b06a{\ncolor:#ffffff;\ntransition:all 0.4s ease-in-out;\n}\n#top #wrap_all .avia-button.av-av_button_big-61b15b17f66d47863c7e4d9d7416b06a:hover{\nbackground-color:blue;\ncolor:#ffffff;\ntransition:all 0.4s ease-in-out;\n}\n#top #wrap_all .avia-button.av-av_button_big-61b15b17f66d47863c7e4d9d7416b06a .avia-svg-icon svg:first-child{\nfill:#ffffff;\nstroke:#ffffff;\n}\n#top #wrap_all .avia-button.av-av_button_big-61b15b17f66d47863c7e4d9d7416b06a:hover .avia-svg-icon svg:first-child{\nfill:#ffffff;\nstroke:#ffffff;\n}\n<\/style>\n<a href='https:\/\/indigenousawarenesscanada.com\/fr\/indigenous-awareness-online-training\/group-discounts\/' class='avia-color-theme-color avia-button avia-button-fullwidth av-av_button_big-61b15b17f66d47863c7e4d9d7416b06a avia-icon_select-yes-left-icon avia-color-theme-color'   aria-label=\"Remise utilisateur group\u00e9e\"><span class='avia_button_icon avia_button_icon_left avia-iconfont avia-font-entypo-fontello' data-av_icon='\ue8b4' data-av_iconfont='entypo-fontello' ><\/span><span class='avia_iconbox_title' >Remise utilisateur group\u00e9e<\/span><div class='av-button-description av-button-description-below'><p>Besoin de plusieurs licences?<br \/>Former tout le monde \u00e0 la fois<\/p>\n<\/div><\/a><\/div><\/div>\r\n\r\n\n<style type=\"text\/css\" data-created_by=\"avia_inline_auto\" id=\"style-css-av-av_hr-0688d0b0b6ed2f8b057db7a8270206df\">\n#top .hr.hr-invisible.av-av_hr-0688d0b0b6ed2f8b057db7a8270206df{\nheight:50px;\n}\n<\/style>\n<div  class='hr av-av_hr-0688d0b0b6ed2f8b057db7a8270206df hr-invisible'><span class='hr-inner'><span class=\"hr-inner-style\"><\/span><\/span><\/div>\t\t<\/div><\/div>","protected":false},"excerpt":{"rendered":"","protected":false},"author":1,"featured_media":0,"parent":0,"menu_order":0,"comment_status":"open","ping_status":"closed","template":"","meta":{"footnotes":""},"class_list":["post-1232","page","type-page","status-publish","hentry"],"yoast_head":"<!-- This site is optimized with the Yoast SEO plugin v27.3 - https:\/\/yoast.com\/product\/yoast-seo-wordpress\/ -->\n<title>About Aboriginal Awareness Canada<\/title>\n<meta name=\"description\" content=\"Since 1983 offering Aboriginal Awareness Online Training, and Live Workshops. The original and most comprehensive Aboriginal Awareness Training anywhere.\" \/>\n<meta name=\"robots\" content=\"index, follow, max-snippet:-1, max-image-preview:large, max-video-preview:-1\" \/>\n<link rel=\"canonical\" href=\"https:\/\/indigenousawarenesscanada.com\/fr\/about-indigenous-awareness-canada\/\" \/>\n<meta property=\"og:locale\" content=\"fr_CA\" \/>\n<meta property=\"og:type\" content=\"article\" \/>\n<meta property=\"og:title\" content=\"About Aboriginal Awareness Canada\" \/>\n<meta property=\"og:description\" content=\"Since 1983 offering Aboriginal Awareness Online Training, and Live Workshops. The original and most comprehensive Aboriginal Awareness Training anywhere.\" \/>\n<meta property=\"og:url\" content=\"https:\/\/indigenousawarenesscanada.com\/fr\/about-indigenous-awareness-canada\/\" \/>\n<meta property=\"og:site_name\" content=\"Indigenous Awareness Canada Online Training\" \/>\n<meta property=\"article:publisher\" content=\"https:\/\/www.facebook.com\/indigenousawarenesscanada\" \/>\n<meta property=\"article:modified_time\" content=\"2017-08-17T20:39:21+00:00\" \/>\n<meta name=\"twitter:card\" content=\"summary_large_image\" \/>\n<meta name=\"twitter:label1\" content=\"Estimation du temps de lecture\" \/>\n\t<meta name=\"twitter:data1\" content=\"2 minutes\" \/>\n<script type=\"application\/ld+json\" class=\"yoast-schema-graph\">{\"@context\":\"https:\\\/\\\/schema.org\",\"@graph\":[{\"@type\":\"WebPage\",\"@id\":\"https:\\\/\\\/indigenousawarenesscanada.com\\\/about-indigenous-awareness-canada\\\/\",\"url\":\"https:\\\/\\\/indigenousawarenesscanada.com\\\/about-indigenous-awareness-canada\\\/\",\"name\":\"About Aboriginal Awareness Canada\",\"isPartOf\":{\"@id\":\"https:\\\/\\\/indigenousawarenesscanada.com\\\/#website\"},\"datePublished\":\"2012-05-24T18:25:27+00:00\",\"dateModified\":\"2017-08-17T20:39:21+00:00\",\"description\":\"Since 1983 offering Aboriginal Awareness Online Training, and Live Workshops. The original and most comprehensive Aboriginal Awareness Training anywhere.\",\"breadcrumb\":{\"@id\":\"https:\\\/\\\/indigenousawarenesscanada.com\\\/about-indigenous-awareness-canada\\\/#breadcrumb\"},\"inLanguage\":\"fr-CA\",\"potentialAction\":[{\"@type\":\"ReadAction\",\"target\":[\"https:\\\/\\\/indigenousawarenesscanada.com\\\/about-indigenous-awareness-canada\\\/\"]}]},{\"@type\":\"BreadcrumbList\",\"@id\":\"https:\\\/\\\/indigenousawarenesscanada.com\\\/about-indigenous-awareness-canada\\\/#breadcrumb\",\"itemListElement\":[{\"@type\":\"ListItem\",\"position\":1,\"name\":\"Home\",\"item\":\"https:\\\/\\\/indigenousawarenesscanada.com\\\/indigenous-awareness-training-canada\\\/\"},{\"@type\":\"ListItem\",\"position\":2,\"name\":\"About Indigenous Awareness Canada\"}]},{\"@type\":\"WebSite\",\"@id\":\"https:\\\/\\\/indigenousawarenesscanada.com\\\/#website\",\"url\":\"https:\\\/\\\/indigenousawarenesscanada.com\\\/\",\"name\":\"Indigenous Awareness Canada Online Training\",\"description\":\"Online Indigenous Awareness Training\",\"publisher\":{\"@id\":\"https:\\\/\\\/indigenousawarenesscanada.com\\\/#organization\"},\"potentialAction\":[{\"@type\":\"SearchAction\",\"target\":{\"@type\":\"EntryPoint\",\"urlTemplate\":\"https:\\\/\\\/indigenousawarenesscanada.com\\\/?s={search_term_string}\"},\"query-input\":{\"@type\":\"PropertyValueSpecification\",\"valueRequired\":true,\"valueName\":\"search_term_string\"}}],\"inLanguage\":\"fr-CA\"},{\"@type\":\"Organization\",\"@id\":\"https:\\\/\\\/indigenousawarenesscanada.com\\\/#organization\",\"name\":\"Indigenous Awareness Canada\",\"url\":\"https:\\\/\\\/indigenousawarenesscanada.com\\\/\",\"logo\":{\"@type\":\"ImageObject\",\"inLanguage\":\"fr-CA\",\"@id\":\"https:\\\/\\\/indigenousawarenesscanada.com\\\/#\\\/schema\\\/logo\\\/image\\\/\",\"url\":\"https:\\\/\\\/indigenousawarenesscanada.com\\\/wp-content\\\/uploads\\\/logo-Aboriginal-Awareness-Canada-header.png\",\"contentUrl\":\"https:\\\/\\\/indigenousawarenesscanada.com\\\/wp-content\\\/uploads\\\/logo-Aboriginal-Awareness-Canada-header.png\",\"width\":340,\"height\":156,\"caption\":\"Indigenous Awareness Canada\"},\"image\":{\"@id\":\"https:\\\/\\\/indigenousawarenesscanada.com\\\/#\\\/schema\\\/logo\\\/image\\\/\"},\"sameAs\":[\"https:\\\/\\\/www.facebook.com\\\/indigenousawarenesscanada\",\"https:\\\/\\\/www.linkedin.com\\\/company\\\/indigenous-awareness-canada\\\/\"]}]}<\/script>\n<!-- \/ Yoast SEO plugin. -->","yoast_head_json":{"title":"About Aboriginal Awareness Canada","description":"Since 1983 offering Aboriginal Awareness Online Training, and Live Workshops. The original and most comprehensive Aboriginal Awareness Training anywhere.","robots":{"index":"index","follow":"follow","max-snippet":"max-snippet:-1","max-image-preview":"max-image-preview:large","max-video-preview":"max-video-preview:-1"},"canonical":"https:\/\/indigenousawarenesscanada.com\/fr\/about-indigenous-awareness-canada\/","og_locale":"fr_CA","og_type":"article","og_title":"About Aboriginal Awareness Canada","og_description":"Since 1983 offering Aboriginal Awareness Online Training, and Live Workshops. The original and most comprehensive Aboriginal Awareness Training anywhere.","og_url":"https:\/\/indigenousawarenesscanada.com\/fr\/about-indigenous-awareness-canada\/","og_site_name":"Indigenous Awareness Canada Online Training","article_publisher":"https:\/\/www.facebook.com\/indigenousawarenesscanada","article_modified_time":"2017-08-17T20:39:21+00:00","twitter_card":"summary_large_image","twitter_misc":{"Estimation du temps de lecture":"2 minutes"},"schema":{"@context":"https:\/\/schema.org","@graph":[{"@type":"WebPage","@id":"https:\/\/indigenousawarenesscanada.com\/about-indigenous-awareness-canada\/","url":"https:\/\/indigenousawarenesscanada.com\/about-indigenous-awareness-canada\/","name":"About Aboriginal Awareness Canada","isPartOf":{"@id":"https:\/\/indigenousawarenesscanada.com\/#website"},"datePublished":"2012-05-24T18:25:27+00:00","dateModified":"2017-08-17T20:39:21+00:00","description":"Since 1983 offering Aboriginal Awareness Online Training, and Live Workshops. The original and most comprehensive Aboriginal Awareness Training anywhere.","breadcrumb":{"@id":"https:\/\/indigenousawarenesscanada.com\/about-indigenous-awareness-canada\/#breadcrumb"},"inLanguage":"fr-CA","potentialAction":[{"@type":"ReadAction","target":["https:\/\/indigenousawarenesscanada.com\/about-indigenous-awareness-canada\/"]}]},{"@type":"BreadcrumbList","@id":"https:\/\/indigenousawarenesscanada.com\/about-indigenous-awareness-canada\/#breadcrumb","itemListElement":[{"@type":"ListItem","position":1,"name":"Home","item":"https:\/\/indigenousawarenesscanada.com\/indigenous-awareness-training-canada\/"},{"@type":"ListItem","position":2,"name":"About Indigenous Awareness Canada"}]},{"@type":"WebSite","@id":"https:\/\/indigenousawarenesscanada.com\/#website","url":"https:\/\/indigenousawarenesscanada.com\/","name":"Formation en ligne de Sensibilisation aux Autochtones Canada","description":"Formation en ligne sur la sensibilisation aux Autochtones","publisher":{"@id":"https:\/\/indigenousawarenesscanada.com\/#organization"},"potentialAction":[{"@type":"SearchAction","target":{"@type":"EntryPoint","urlTemplate":"https:\/\/indigenousawarenesscanada.com\/?s={search_term_string}"},"query-input":{"@type":"PropertyValueSpecification","valueRequired":true,"valueName":"search_term_string"}}],"inLanguage":"fr-CA"},{"@type":"Organization","@id":"https:\/\/indigenousawarenesscanada.com\/#organization","name":"Sensibilisation aux Autochtones Canada","url":"https:\/\/indigenousawarenesscanada.com\/","logo":{"@type":"ImageObject","inLanguage":"fr-CA","@id":"https:\/\/indigenousawarenesscanada.com\/#\/schema\/logo\/image\/","url":"https:\/\/indigenousawarenesscanada.com\/wp-content\/uploads\/logo-Aboriginal-Awareness-Canada-header.png","contentUrl":"https:\/\/indigenousawarenesscanada.com\/wp-content\/uploads\/logo-Aboriginal-Awareness-Canada-header.png","width":340,"height":156,"caption":"Indigenous Awareness Canada"},"image":{"@id":"https:\/\/indigenousawarenesscanada.com\/#\/schema\/logo\/image\/"},"sameAs":["https:\/\/www.facebook.com\/indigenousawarenesscanada","https:\/\/www.linkedin.com\/company\/indigenous-awareness-canada\/"]}]}},"_links":{"self":[{"href":"https:\/\/indigenousawarenesscanada.com\/fr\/wp-json\/wp\/v2\/pages\/1232","targetHints":{"allow":["GET"]}}],"collection":[{"href":"https:\/\/indigenousawarenesscanada.com\/fr\/wp-json\/wp\/v2\/pages"}],"about":[{"href":"https:\/\/indigenousawarenesscanada.com\/fr\/wp-json\/wp\/v2\/types\/page"}],"author":[{"embeddable":true,"href":"https:\/\/indigenousawarenesscanada.com\/fr\/wp-json\/wp\/v2\/users\/1"}],"replies":[{"embeddable":true,"href":"https:\/\/indigenousawarenesscanada.com\/fr\/wp-json\/wp\/v2\/comments?post=1232"}],"version-history":[{"count":5,"href":"https:\/\/indigenousawarenesscanada.com\/fr\/wp-json\/wp\/v2\/pages\/1232\/revisions"}],"predecessor-version":[{"id":331511,"href":"https:\/\/indigenousawarenesscanada.com\/fr\/wp-json\/wp\/v2\/pages\/1232\/revisions\/331511"}],"wp:attachment":[{"href":"https:\/\/indigenousawarenesscanada.com\/fr\/wp-json\/wp\/v2\/media?parent=1232"}],"curies":[{"name":"wp","href":"https:\/\/api.w.org\/{rel}","templated":true}]}}