{"id":1475,"date":"2017-07-13T17:24:31","date_gmt":"2017-07-13T17:24:31","guid":{"rendered":"https:\/\/indigenousawarenesscanada.com--all-tables--dry-run\/?page_id=1475"},"modified":"2017-11-24T19:24:49","modified_gmt":"2017-11-24T19:24:49","slug":"sean-hannah","status":"publish","type":"page","link":"https:\/\/indigenousawarenesscanada.com\/fr\/about-indigenous-awareness-canada\/sean-hannah\/","title":{"rendered":"Sean Hannah"},"content":{"rendered":"<style type=\"text\/css\" data-created_by=\"avia_inline_auto\" id=\"style-css-av-av_hr-4474f20d2389e2e5ecf918a02da5132e\">\n#top .hr.hr-invisible.av-av_hr-4474f20d2389e2e5ecf918a02da5132e{\nheight:50px;\n}\n<\/style>\n<div  class='hr av-av_hr-4474f20d2389e2e5ecf918a02da5132e hr-invisible  avia-builder-el-0  el_before_av_textblock  avia-builder-el-first'><span class='hr-inner'><span class=\"hr-inner-style\"><\/span><\/span><\/div>\n<section  class='av_textblock_section av-av_textblock-2de302bf1aa3cf4c9157dbe6f50ac7eb'   itemscope=\"itemscope\" itemtype=\"https:\/\/schema.org\/CreativeWork\" ><div class='avia_textblock'  itemprop=\"text\" ><h1>Sean Hannah<br \/>\nSensibilisation aux Autochtones Canada<\/h1>\n<p><img loading=\"lazy\" decoding=\"async\" class=\"alignright size-medium wp-image-12668\" src=\"https:\/\/indigenousawarenesscanada.com\/wp-content\/uploads\/team-sean-hannah-300x200.jpg\" alt=\"Sean Hannah - Indigenous Awareness Canada\" width=\"300\" height=\"200\" \/>Sean Hannah est un M\u00e9tis d&#039;origine anishinaabe \/ ojibwe \/ chippewa.<\/p>\n<p>Il a obtenu un dipl\u00f4me de l&#039;Universit\u00e9 de Calgary (1997) en litt\u00e9rature anglaise et en psychologie.<\/p>\n<p>Apr\u00e8s avoir rencontr\u00e9 John Manly (alors ministre de l&#039;Industrie) et avoir \u00e9t\u00e9 admissible \u00e0 un pr\u00eat aux petites entreprises du programme Entreprise autochtone Canada, M. Hannah a \u00e9t\u00e9 pr\u00e9sent\u00e9 \u00e0 Robert Laboucane, directeur ex\u00e9cutif pour l&#039;Alberta du Conseil canadien pour les entreprises autochtones r\u00e9cemment form\u00e9 ( CCAB).<\/p>\n<p>Depuis 1998, Robert et Sean ont travaill\u00e9 ensemble pour cr\u00e9er des programmes de formation significatifs qui aident \u00e0 am\u00e9liorer les r\u00e9sultats pour tous les Canadiens.<\/p>\n<p>Fort d&#039;une solide exp\u00e9rience en th\u00e9orie de l&#039;apprentissage des adultes et en cr\u00e9ation de didacticiels, Sean a commenc\u00e9 \u00e0 d\u00e9velopper les notes d&#039;allocution et le mat\u00e9riel d&#039;atelier de M. Laboucane en un classeur imprimable et une s\u00e9rie de transparents. Quelques ann\u00e9es plus tard, il a \u00e9t\u00e9 mis \u00e0 niveau vers la derni\u00e8re technologie - une pr\u00e9sentation PowerPoint sur un CD-ROM. Lorsque la formation en ligne est devenue plus viable, Sean a construit et programm\u00e9 un syst\u00e8me de gestion de l&#039;apprentissage personnalis\u00e9 et a commenc\u00e9 \u00e0 offrir des cours en ligne.<\/p>\n<p>Dans son r\u00f4le de directeur de la formation, M. Hannah continue de diriger l&#039;\u00e9laboration de notre programme de formation et de nos programmes en ligne. Sean supervise \u00e9galement notre pr\u00e9sence num\u00e9rique, notre marque, notre marketing et notre site Web. Sean dirige le d\u00e9veloppement des cours et de tous nos programmes num\u00e9riques.<\/p>\n<p>Sean Hannah est anim\u00e9 par la passion d&#039;aider \u00e0 rassembler les gens et la mission d&#039;aider tous les Canadiens \u00e0 en apprendre davantage sur les autres pour faire tomber davantage les barri\u00e8res du racisme, de l&#039;ignorance et de la d\u00e9sinformation.<\/p>\n<\/div><\/section>\n<div  class='avia-builder-widget-area clearfix  avia-builder-el-2  el_after_av_textblock  avia-builder-el-last'><div id=\"mla-text-widget-6\" class=\"widget clearfix mla_text_widget\">\t\t\t\n<style type=\"text\/css\" data-created_by=\"avia_inline_auto\" id=\"style-css-av-av_hr-0688d0b0b6ed2f8b057db7a8270206df\">\n#top .hr.hr-invisible.av-av_hr-0688d0b0b6ed2f8b057db7a8270206df{\nheight:50px;\n}\n<\/style>\n<div  class='hr av-av_hr-0688d0b0b6ed2f8b057db7a8270206df hr-invisible'><span class='hr-inner'><span class=\"hr-inner-style\"><\/span><\/span><\/div>\r\n\r\n\n<style type=\"text\/css\" data-created_by=\"avia_inline_auto\" id=\"style-css-av-av_one_third-15d750bd1b332b34c6e70b077ebbccdf\">\n.flex_column.av-av_one_third-15d750bd1b332b34c6e70b077ebbccdf{\nborder-radius:0px 0px 0px 0px;\npadding:0px 0px 0px 0px;\n}\n<\/style>\n<div  class='flex_column av-av_one_third-15d750bd1b332b34c6e70b077ebbccdf av_one_third first flex_column_div av-zero-column-padding'     ><div  class='avia-button-wrap avia-button-center'>\n<style type=\"text\/css\" data-created_by=\"avia_inline_auto\" id=\"style-css-av-av_button_big-2b2d7560c8a8c9dce4b42f3e2749c56c\">\n#top #wrap_all .avia-button.av-av_button_big-2b2d7560c8a8c9dce4b42f3e2749c56c{\ncolor:#ffffff;\ntransition:all 0.4s ease-in-out;\n}\n#top #wrap_all .avia-button.av-av_button_big-2b2d7560c8a8c9dce4b42f3e2749c56c:hover{\nbackground-color:blue;\ncolor:#ffffff;\ntransition:all 0.4s ease-in-out;\n}\n#top #wrap_all .avia-button.av-av_button_big-2b2d7560c8a8c9dce4b42f3e2749c56c .avia-svg-icon svg:first-child{\nfill:#ffffff;\nstroke:#ffffff;\n}\n#top #wrap_all .avia-button.av-av_button_big-2b2d7560c8a8c9dce4b42f3e2749c56c:hover .avia-svg-icon svg:first-child{\nfill:#ffffff;\nstroke:#ffffff;\n}\n<\/style>\n<a href='https:\/\/indigenousawarenesscanada.com\/fr\/indigenous-awareness-online-training\/' class='avia-color-theme-color avia-button avia-button-fullwidth av-av_button_big-2b2d7560c8a8c9dce4b42f3e2749c56c avia-icon_select-yes-left-icon avia-color-theme-color'   aria-label=\"Parcours d&#039;apprentissage\"><span class='avia_button_icon avia_button_icon_left avia-iconfont avia-font-entypo-fontello' data-av_icon='\ue841' data-av_iconfont='entypo-fontello' ><\/span><span class='avia_iconbox_title' >Parcours d&#039;apprentissage<\/span><div class='av-button-description av-button-description-below'><p>D\u00e9couvrez nos cours<br \/>D\u00e9veloppez vos connaissances<\/p>\n<\/div><\/a><\/div><\/div>\n<style type=\"text\/css\" data-created_by=\"avia_inline_auto\" id=\"style-css-av-av_one_third-c8fc129dc35fd1ae2a1e410224d39ea8\">\n.flex_column.av-av_one_third-c8fc129dc35fd1ae2a1e410224d39ea8{\nborder-radius:0px 0px 0px 0px;\npadding:0px 0px 0px 0px;\n}\n<\/style>\n<div  class='flex_column av-av_one_third-c8fc129dc35fd1ae2a1e410224d39ea8 av_one_third flex_column_div av-zero-column-padding'     ><div  class='avia-button-wrap avia-button-center'>\n<style type=\"text\/css\" data-created_by=\"avia_inline_auto\" id=\"style-css-av-av_button_big-4ed0ccfd8e9b77849d12d00b9c9015bd\">\n#top #wrap_all .avia-button.av-av_button_big-4ed0ccfd8e9b77849d12d00b9c9015bd{\ncolor:#ffffff;\ntransition:all 0.4s ease-in-out;\n}\n#top #wrap_all .avia-button.av-av_button_big-4ed0ccfd8e9b77849d12d00b9c9015bd:hover{\nbackground-color:#af6060;\ncolor:#ffffff;\ntransition:all 0.4s ease-in-out;\n}\n#top #wrap_all .avia-button.av-av_button_big-4ed0ccfd8e9b77849d12d00b9c9015bd .avia-svg-icon svg:first-child{\nfill:#ffffff;\nstroke:#ffffff;\n}\n#top #wrap_all .avia-button.av-av_button_big-4ed0ccfd8e9b77849d12d00b9c9015bd:hover .avia-svg-icon svg:first-child{\nfill:#ffffff;\nstroke:#ffffff;\n}\n<\/style>\n<a href='https:\/\/indigenousawarenesscanada.com\/fr\/shop\/' class='avia-color-red avia-button avia-button-fullwidth av-av_button_big-4ed0ccfd8e9b77849d12d00b9c9015bd avia-icon_select-yes-left-icon avia-color-red'   aria-label=\"Boutique en ligne\"><span class='avia_button_icon avia_button_icon_left avia-iconfont avia-font-entypo-fontello' data-av_icon='\ue859' data-av_iconfont='entypo-fontello' ><\/span><span class='avia_iconbox_title' >Boutique en ligne<\/span><div class='av-button-description av-button-description-below'><p>Acheter des cours et des forfaits<br \/>Obtenez un acc\u00e8s instantan\u00e9<\/p>\n<\/div><\/a><\/div><\/div>\n<style type=\"text\/css\" data-created_by=\"avia_inline_auto\" id=\"style-css-av-av_one_third-c8fc129dc35fd1ae2a1e410224d39ea8\">\n.flex_column.av-av_one_third-c8fc129dc35fd1ae2a1e410224d39ea8{\nborder-radius:0px 0px 0px 0px;\npadding:0px 0px 0px 0px;\n}\n<\/style>\n<div  class='flex_column av-av_one_third-c8fc129dc35fd1ae2a1e410224d39ea8 av_one_third flex_column_div av-zero-column-padding'     ><div  class='avia-button-wrap avia-button-center'>\n<style type=\"text\/css\" data-created_by=\"avia_inline_auto\" id=\"style-css-av-av_button_big-61b15b17f66d47863c7e4d9d7416b06a\">\n#top #wrap_all .avia-button.av-av_button_big-61b15b17f66d47863c7e4d9d7416b06a{\ncolor:#ffffff;\ntransition:all 0.4s ease-in-out;\n}\n#top #wrap_all .avia-button.av-av_button_big-61b15b17f66d47863c7e4d9d7416b06a:hover{\nbackground-color:blue;\ncolor:#ffffff;\ntransition:all 0.4s ease-in-out;\n}\n#top #wrap_all .avia-button.av-av_button_big-61b15b17f66d47863c7e4d9d7416b06a .avia-svg-icon svg:first-child{\nfill:#ffffff;\nstroke:#ffffff;\n}\n#top #wrap_all .avia-button.av-av_button_big-61b15b17f66d47863c7e4d9d7416b06a:hover .avia-svg-icon svg:first-child{\nfill:#ffffff;\nstroke:#ffffff;\n}\n<\/style>\n<a href='https:\/\/indigenousawarenesscanada.com\/fr\/indigenous-awareness-online-training\/group-discounts\/' class='avia-color-theme-color avia-button avia-button-fullwidth av-av_button_big-61b15b17f66d47863c7e4d9d7416b06a avia-icon_select-yes-left-icon avia-color-theme-color'   aria-label=\"Remise utilisateur group\u00e9e\"><span class='avia_button_icon avia_button_icon_left avia-iconfont avia-font-entypo-fontello' data-av_icon='\ue8b4' data-av_iconfont='entypo-fontello' ><\/span><span class='avia_iconbox_title' >Remise utilisateur group\u00e9e<\/span><div class='av-button-description av-button-description-below'><p>Besoin de plusieurs licences?<br \/>Former tout le monde \u00e0 la fois<\/p>\n<\/div><\/a><\/div><\/div>\r\n\r\n\n<style type=\"text\/css\" data-created_by=\"avia_inline_auto\" id=\"style-css-av-av_hr-0688d0b0b6ed2f8b057db7a8270206df\">\n#top .hr.hr-invisible.av-av_hr-0688d0b0b6ed2f8b057db7a8270206df{\nheight:50px;\n}\n<\/style>\n<div  class='hr av-av_hr-0688d0b0b6ed2f8b057db7a8270206df hr-invisible'><span class='hr-inner'><span class=\"hr-inner-style\"><\/span><\/span><\/div>\t\t<\/div><\/div>","protected":false},"excerpt":{"rendered":"","protected":false},"author":1,"featured_media":0,"parent":1232,"menu_order":0,"comment_status":"closed","ping_status":"closed","template":"","meta":{"footnotes":""},"class_list":["post-1475","page","type-page","status-publish","hentry"],"yoast_head":"<!-- This site is optimized with the Yoast SEO plugin v27.3 - https:\/\/yoast.com\/product\/yoast-seo-wordpress\/ -->\n<title>Sean Hannah - Indigenous Awareness Canada Online Training<\/title>\n<meta name=\"description\" content=\"Robert Laboucane is the Director of Aboriginal Awareness Canada. He has been delivering Aboriginal Awareness Training Workshops for over 35 years.\" \/>\n<meta name=\"robots\" content=\"index, follow, max-snippet:-1, max-image-preview:large, max-video-preview:-1\" \/>\n<link rel=\"canonical\" href=\"https:\/\/indigenousawarenesscanada.com\/fr\/about-indigenous-awareness-canada\/sean-hannah\/\" \/>\n<meta property=\"og:locale\" content=\"fr_CA\" \/>\n<meta property=\"og:type\" content=\"article\" \/>\n<meta property=\"og:title\" content=\"Sean Hannah - Indigenous Awareness Canada Online Training\" \/>\n<meta property=\"og:description\" content=\"Robert Laboucane is the Director of Aboriginal Awareness Canada. He has been delivering Aboriginal Awareness Training Workshops for over 35 years.\" \/>\n<meta property=\"og:url\" content=\"https:\/\/indigenousawarenesscanada.com\/fr\/about-indigenous-awareness-canada\/sean-hannah\/\" \/>\n<meta property=\"og:site_name\" content=\"Indigenous Awareness Canada Online Training\" \/>\n<meta property=\"article:publisher\" content=\"https:\/\/www.facebook.com\/indigenousawarenesscanada\" \/>\n<meta property=\"article:modified_time\" content=\"2017-11-24T19:24:49+00:00\" \/>\n<meta property=\"og:image\" content=\"https:\/\/indigenousawarenesscanada.com\/wp-content\/uploads\/team-sean-hannah-300x200.jpg\" \/>\n<meta name=\"twitter:card\" content=\"summary_large_image\" \/>\n<meta name=\"twitter:label1\" content=\"Estimation du temps de lecture\" \/>\n\t<meta name=\"twitter:data1\" content=\"2 minutes\" \/>\n<script type=\"application\/ld+json\" class=\"yoast-schema-graph\">{\"@context\":\"https:\\\/\\\/schema.org\",\"@graph\":[{\"@type\":\"WebPage\",\"@id\":\"https:\\\/\\\/indigenousawarenesscanada.com\\\/about-indigenous-awareness-canada\\\/sean-hannah\\\/\",\"url\":\"https:\\\/\\\/indigenousawarenesscanada.com\\\/about-indigenous-awareness-canada\\\/sean-hannah\\\/\",\"name\":\"Sean Hannah - Indigenous Awareness Canada Online Training\",\"isPartOf\":{\"@id\":\"https:\\\/\\\/indigenousawarenesscanada.com\\\/#website\"},\"primaryImageOfPage\":{\"@id\":\"https:\\\/\\\/indigenousawarenesscanada.com\\\/about-indigenous-awareness-canada\\\/sean-hannah\\\/#primaryimage\"},\"image\":{\"@id\":\"https:\\\/\\\/indigenousawarenesscanada.com\\\/about-indigenous-awareness-canada\\\/sean-hannah\\\/#primaryimage\"},\"thumbnailUrl\":\"https:\\\/\\\/indigenousawarenesscanada.com\\\/wp-content\\\/uploads\\\/team-sean-hannah-300x200.jpg\",\"datePublished\":\"2017-07-13T17:24:31+00:00\",\"dateModified\":\"2017-11-24T19:24:49+00:00\",\"description\":\"Robert Laboucane is the Director of Aboriginal Awareness Canada. He has been delivering Aboriginal Awareness Training Workshops for over 35 years.\",\"breadcrumb\":{\"@id\":\"https:\\\/\\\/indigenousawarenesscanada.com\\\/about-indigenous-awareness-canada\\\/sean-hannah\\\/#breadcrumb\"},\"inLanguage\":\"fr-CA\",\"potentialAction\":[{\"@type\":\"ReadAction\",\"target\":[\"https:\\\/\\\/indigenousawarenesscanada.com\\\/about-indigenous-awareness-canada\\\/sean-hannah\\\/\"]}]},{\"@type\":\"ImageObject\",\"inLanguage\":\"fr-CA\",\"@id\":\"https:\\\/\\\/indigenousawarenesscanada.com\\\/about-indigenous-awareness-canada\\\/sean-hannah\\\/#primaryimage\",\"url\":\"https:\\\/\\\/indigenousawarenesscanada.com\\\/wp-content\\\/uploads\\\/team-sean-hannah-300x200.jpg\",\"contentUrl\":\"https:\\\/\\\/indigenousawarenesscanada.com\\\/wp-content\\\/uploads\\\/team-sean-hannah-300x200.jpg\"},{\"@type\":\"BreadcrumbList\",\"@id\":\"https:\\\/\\\/indigenousawarenesscanada.com\\\/about-indigenous-awareness-canada\\\/sean-hannah\\\/#breadcrumb\",\"itemListElement\":[{\"@type\":\"ListItem\",\"position\":1,\"name\":\"Home\",\"item\":\"https:\\\/\\\/indigenousawarenesscanada.com\\\/indigenous-awareness-training-canada\\\/\"},{\"@type\":\"ListItem\",\"position\":2,\"name\":\"About Indigenous Awareness Canada\",\"item\":\"https:\\\/\\\/indigenousawarenesscanada.com\\\/about-indigenous-awareness-canada\\\/\"},{\"@type\":\"ListItem\",\"position\":3,\"name\":\"Sean Hannah\"}]},{\"@type\":\"WebSite\",\"@id\":\"https:\\\/\\\/indigenousawarenesscanada.com\\\/#website\",\"url\":\"https:\\\/\\\/indigenousawarenesscanada.com\\\/\",\"name\":\"Indigenous Awareness Canada Online Training\",\"description\":\"Online Indigenous Awareness Training\",\"publisher\":{\"@id\":\"https:\\\/\\\/indigenousawarenesscanada.com\\\/#organization\"},\"potentialAction\":[{\"@type\":\"SearchAction\",\"target\":{\"@type\":\"EntryPoint\",\"urlTemplate\":\"https:\\\/\\\/indigenousawarenesscanada.com\\\/?s={search_term_string}\"},\"query-input\":{\"@type\":\"PropertyValueSpecification\",\"valueRequired\":true,\"valueName\":\"search_term_string\"}}],\"inLanguage\":\"fr-CA\"},{\"@type\":\"Organization\",\"@id\":\"https:\\\/\\\/indigenousawarenesscanada.com\\\/#organization\",\"name\":\"Indigenous Awareness Canada\",\"url\":\"https:\\\/\\\/indigenousawarenesscanada.com\\\/\",\"logo\":{\"@type\":\"ImageObject\",\"inLanguage\":\"fr-CA\",\"@id\":\"https:\\\/\\\/indigenousawarenesscanada.com\\\/#\\\/schema\\\/logo\\\/image\\\/\",\"url\":\"https:\\\/\\\/indigenousawarenesscanada.com\\\/wp-content\\\/uploads\\\/logo-Aboriginal-Awareness-Canada-header.png\",\"contentUrl\":\"https:\\\/\\\/indigenousawarenesscanada.com\\\/wp-content\\\/uploads\\\/logo-Aboriginal-Awareness-Canada-header.png\",\"width\":340,\"height\":156,\"caption\":\"Indigenous Awareness Canada\"},\"image\":{\"@id\":\"https:\\\/\\\/indigenousawarenesscanada.com\\\/#\\\/schema\\\/logo\\\/image\\\/\"},\"sameAs\":[\"https:\\\/\\\/www.facebook.com\\\/indigenousawarenesscanada\",\"https:\\\/\\\/www.linkedin.com\\\/company\\\/indigenous-awareness-canada\\\/\"]}]}<\/script>\n<!-- \/ Yoast SEO plugin. -->","yoast_head_json":{"title":"Sean Hannah - Indigenous Awareness Canada Online Training","description":"Robert Laboucane is the Director of Aboriginal Awareness Canada. He has been delivering Aboriginal Awareness Training Workshops for over 35 years.","robots":{"index":"index","follow":"follow","max-snippet":"max-snippet:-1","max-image-preview":"max-image-preview:large","max-video-preview":"max-video-preview:-1"},"canonical":"https:\/\/indigenousawarenesscanada.com\/fr\/about-indigenous-awareness-canada\/sean-hannah\/","og_locale":"fr_CA","og_type":"article","og_title":"Sean Hannah - Indigenous Awareness Canada Online Training","og_description":"Robert Laboucane is the Director of Aboriginal Awareness Canada. He has been delivering Aboriginal Awareness Training Workshops for over 35 years.","og_url":"https:\/\/indigenousawarenesscanada.com\/fr\/about-indigenous-awareness-canada\/sean-hannah\/","og_site_name":"Indigenous Awareness Canada Online Training","article_publisher":"https:\/\/www.facebook.com\/indigenousawarenesscanada","article_modified_time":"2017-11-24T19:24:49+00:00","og_image":[{"url":"https:\/\/indigenousawarenesscanada.com\/wp-content\/uploads\/team-sean-hannah-300x200.jpg","type":"","width":"","height":""}],"twitter_card":"summary_large_image","twitter_misc":{"Estimation du temps de lecture":"2 minutes"},"schema":{"@context":"https:\/\/schema.org","@graph":[{"@type":"WebPage","@id":"https:\/\/indigenousawarenesscanada.com\/about-indigenous-awareness-canada\/sean-hannah\/","url":"https:\/\/indigenousawarenesscanada.com\/about-indigenous-awareness-canada\/sean-hannah\/","name":"Sean Hannah - Indigenous Awareness Canada Online Training","isPartOf":{"@id":"https:\/\/indigenousawarenesscanada.com\/#website"},"primaryImageOfPage":{"@id":"https:\/\/indigenousawarenesscanada.com\/about-indigenous-awareness-canada\/sean-hannah\/#primaryimage"},"image":{"@id":"https:\/\/indigenousawarenesscanada.com\/about-indigenous-awareness-canada\/sean-hannah\/#primaryimage"},"thumbnailUrl":"https:\/\/indigenousawarenesscanada.com\/wp-content\/uploads\/team-sean-hannah-300x200.jpg","datePublished":"2017-07-13T17:24:31+00:00","dateModified":"2017-11-24T19:24:49+00:00","description":"Robert Laboucane is the Director of Aboriginal Awareness Canada. He has been delivering Aboriginal Awareness Training Workshops for over 35 years.","breadcrumb":{"@id":"https:\/\/indigenousawarenesscanada.com\/about-indigenous-awareness-canada\/sean-hannah\/#breadcrumb"},"inLanguage":"fr-CA","potentialAction":[{"@type":"ReadAction","target":["https:\/\/indigenousawarenesscanada.com\/about-indigenous-awareness-canada\/sean-hannah\/"]}]},{"@type":"ImageObject","inLanguage":"fr-CA","@id":"https:\/\/indigenousawarenesscanada.com\/about-indigenous-awareness-canada\/sean-hannah\/#primaryimage","url":"https:\/\/indigenousawarenesscanada.com\/wp-content\/uploads\/team-sean-hannah-300x200.jpg","contentUrl":"https:\/\/indigenousawarenesscanada.com\/wp-content\/uploads\/team-sean-hannah-300x200.jpg"},{"@type":"BreadcrumbList","@id":"https:\/\/indigenousawarenesscanada.com\/about-indigenous-awareness-canada\/sean-hannah\/#breadcrumb","itemListElement":[{"@type":"ListItem","position":1,"name":"Home","item":"https:\/\/indigenousawarenesscanada.com\/indigenous-awareness-training-canada\/"},{"@type":"ListItem","position":2,"name":"About Indigenous Awareness Canada","item":"https:\/\/indigenousawarenesscanada.com\/about-indigenous-awareness-canada\/"},{"@type":"ListItem","position":3,"name":"Sean Hannah"}]},{"@type":"WebSite","@id":"https:\/\/indigenousawarenesscanada.com\/#website","url":"https:\/\/indigenousawarenesscanada.com\/","name":"Formation en ligne de Sensibilisation aux Autochtones Canada","description":"Formation en ligne sur la sensibilisation aux Autochtones","publisher":{"@id":"https:\/\/indigenousawarenesscanada.com\/#organization"},"potentialAction":[{"@type":"SearchAction","target":{"@type":"EntryPoint","urlTemplate":"https:\/\/indigenousawarenesscanada.com\/?s={search_term_string}"},"query-input":{"@type":"PropertyValueSpecification","valueRequired":true,"valueName":"search_term_string"}}],"inLanguage":"fr-CA"},{"@type":"Organization","@id":"https:\/\/indigenousawarenesscanada.com\/#organization","name":"Sensibilisation aux Autochtones Canada","url":"https:\/\/indigenousawarenesscanada.com\/","logo":{"@type":"ImageObject","inLanguage":"fr-CA","@id":"https:\/\/indigenousawarenesscanada.com\/#\/schema\/logo\/image\/","url":"https:\/\/indigenousawarenesscanada.com\/wp-content\/uploads\/logo-Aboriginal-Awareness-Canada-header.png","contentUrl":"https:\/\/indigenousawarenesscanada.com\/wp-content\/uploads\/logo-Aboriginal-Awareness-Canada-header.png","width":340,"height":156,"caption":"Indigenous Awareness Canada"},"image":{"@id":"https:\/\/indigenousawarenesscanada.com\/#\/schema\/logo\/image\/"},"sameAs":["https:\/\/www.facebook.com\/indigenousawarenesscanada","https:\/\/www.linkedin.com\/company\/indigenous-awareness-canada\/"]}]}},"_links":{"self":[{"href":"https:\/\/indigenousawarenesscanada.com\/fr\/wp-json\/wp\/v2\/pages\/1475","targetHints":{"allow":["GET"]}}],"collection":[{"href":"https:\/\/indigenousawarenesscanada.com\/fr\/wp-json\/wp\/v2\/pages"}],"about":[{"href":"https:\/\/indigenousawarenesscanada.com\/fr\/wp-json\/wp\/v2\/types\/page"}],"author":[{"embeddable":true,"href":"https:\/\/indigenousawarenesscanada.com\/fr\/wp-json\/wp\/v2\/users\/1"}],"replies":[{"embeddable":true,"href":"https:\/\/indigenousawarenesscanada.com\/fr\/wp-json\/wp\/v2\/comments?post=1475"}],"version-history":[{"count":12,"href":"https:\/\/indigenousawarenesscanada.com\/fr\/wp-json\/wp\/v2\/pages\/1475\/revisions"}],"predecessor-version":[{"id":286047,"href":"https:\/\/indigenousawarenesscanada.com\/fr\/wp-json\/wp\/v2\/pages\/1475\/revisions\/286047"}],"up":[{"embeddable":true,"href":"https:\/\/indigenousawarenesscanada.com\/fr\/wp-json\/wp\/v2\/pages\/1232"}],"wp:attachment":[{"href":"https:\/\/indigenousawarenesscanada.com\/fr\/wp-json\/wp\/v2\/media?parent=1475"}],"curies":[{"name":"wp","href":"https:\/\/api.w.org\/{rel}","templated":true}]}}