{"id":442,"date":"2015-07-07T22:49:42","date_gmt":"2015-07-07T22:49:42","guid":{"rendered":"https:\/\/indigenousawarenesscanada.com--all-tables--dry-run\/?page_id=442"},"modified":"2020-03-09T18:53:38","modified_gmt":"2020-03-09T18:53:38","slug":"my-profile","status":"publish","type":"page","link":"https:\/\/indigenousawarenesscanada.com\/fr\/my-profile\/","title":{"rendered":"Mon profil"},"content":{"rendered":"<style type=\"text\/css\" data-created_by=\"avia_inline_auto\" id=\"style-css-av-2j80vm-23a88932c182f6a26f061b39837ecdf3\">\n.flex_column.av-2j80vm-23a88932c182f6a26f061b39837ecdf3{\nborder-radius:0px 0px 0px 0px;\npadding:0px 0px 0px 0px;\n}\n<\/style>\n<div  class='flex_column av-2j80vm-23a88932c182f6a26f061b39837ecdf3 av_two_third  avia-builder-el-0  el_before_av_one_third  avia-builder-el-first  first flex_column_div av-zero-column-padding'     ><section  class='av_textblock_section av-2e4drm-8c7c532942d3a543cca7a1c40903a0b5'   itemscope=\"itemscope\" itemtype=\"https:\/\/schema.org\/CreativeWork\" ><div class='avia_textblock'  itemprop=\"text\" ><h2>Bienvenue!<\/h2>\n<p>Sur cette page, vous pouvez acc\u00e9der \u00e0 tous vos cours.<\/p>\n<p>Lorsque vous 100% terminez un cours, la fl\u00e8che d&#039;\u00e9tat verte se transforme en ic\u00f4ne de certificat. Cliquez dessus pour imprimer. Un grand bouton bleu \u00abIMPRIMER VOTRE CERTIFICAT\u00bb appara\u00eetra \u00e9galement en haut de la page d&#039;accueil de chaque cours.<\/p>\n<p>\u00c0 tout moment, vous pouvez consulter et imprimer vos relev\u00e9s de notes ci-dessous.<\/p>\n<p>Une fois que vous avez commenc\u00e9 le cours, cliquez sur le bouton de reprise pour reprendre l\u00e0 o\u00f9 vous vous \u00e9tiez arr\u00eat\u00e9.<\/p>\n<\/div><\/section><\/div>\n\n<style type=\"text\/css\" data-created_by=\"avia_inline_auto\" id=\"style-css-av-2apz4q-29250e9fbf4847d95ab5cc1b97801179\">\n.flex_column.av-2apz4q-29250e9fbf4847d95ab5cc1b97801179{\nborder-radius:0px 0px 0px 0px;\npadding:0px 0px 0px 0px;\n}\n<\/style>\n<div  class='flex_column av-2apz4q-29250e9fbf4847d95ab5cc1b97801179 av_one_third  avia-builder-el-2  el_after_av_two_third  el_before_av_hr  flex_column_div av-zero-column-padding'     ><section  class='av_textblock_section av-21zjoq-100618de21532b76a554e1f64d857216'   itemscope=\"itemscope\" itemtype=\"https:\/\/schema.org\/CreativeWork\" ><div class='avia_textblock'  itemprop=\"text\" >\n<\/div><\/section><\/div>\n\n<style type=\"text\/css\" data-created_by=\"avia_inline_auto\" id=\"style-css-av-1zdd96-4b8125bebc14e70f65f2241bd8cd2746\">\n#top .hr.hr-invisible.av-1zdd96-4b8125bebc14e70f65f2241bd8cd2746{\nheight:25px;\n}\n<\/style>\n<div  class='hr av-1zdd96-4b8125bebc14e70f65f2241bd8cd2746 hr-invisible  avia-builder-el-4  el_after_av_one_third  el_before_av_codeblock'><span class='hr-inner'><span class=\"hr-inner-style\"><\/span><\/span><\/div>\n\n\n<style type=\"text\/css\" data-created_by=\"avia_inline_auto\" id=\"style-css-av-14q5z6-c9758782a7f0a350b889fed956cc1d05\">\n#top .hr.hr-invisible.av-14q5z6-c9758782a7f0a350b889fed956cc1d05{\nheight:25px;\n}\n<\/style>\n<div  class='hr av-14q5z6-c9758782a7f0a350b889fed956cc1d05 hr-invisible'><span class='hr-inner'><span class=\"hr-inner-style\"><\/span><\/span><\/div>\n\n\n<style type=\"text\/css\" data-created_by=\"avia_inline_auto\" id=\"style-css-av-tnoaq-3ee400c893b1cfc0d8ce46143eb20cf4\">\n#top .hr.hr-invisible.av-tnoaq-3ee400c893b1cfc0d8ce46143eb20cf4{\nheight:100px;\n}\n<\/style>\n<div  class='hr av-tnoaq-3ee400c893b1cfc0d8ce46143eb20cf4 hr-invisible'><span class='hr-inner'><span class=\"hr-inner-style\"><\/span><\/span><\/div>","protected":false},"excerpt":{"rendered":"","protected":false},"author":1,"featured_media":0,"parent":0,"menu_order":0,"comment_status":"closed","ping_status":"closed","template":"","meta":{"footnotes":""},"class_list":["post-442","page","type-page","status-publish","hentry"],"yoast_head":"<!-- This site is optimized with the Yoast SEO plugin v27.3 - https:\/\/yoast.com\/product\/yoast-seo-wordpress\/ -->\n<title>My Profile - Indigenous Awareness Canada Online Training<\/title>\n<meta name=\"robots\" content=\"index, follow, max-snippet:-1, max-image-preview:large, max-video-preview:-1\" \/>\n<link rel=\"canonical\" href=\"https:\/\/indigenousawarenesscanada.com\/fr\/my-profile\/\" \/>\n<meta property=\"og:locale\" content=\"fr_CA\" \/>\n<meta property=\"og:type\" content=\"article\" \/>\n<meta property=\"og:title\" content=\"My Profile - Indigenous Awareness Canada Online Training\" \/>\n<meta property=\"og:url\" content=\"https:\/\/indigenousawarenesscanada.com\/fr\/my-profile\/\" \/>\n<meta property=\"og:site_name\" content=\"Indigenous Awareness Canada Online Training\" \/>\n<meta property=\"article:publisher\" content=\"https:\/\/www.facebook.com\/indigenousawarenesscanada\" \/>\n<meta property=\"article:modified_time\" content=\"2020-03-09T18:53:38+00:00\" \/>\n<meta name=\"twitter:card\" content=\"summary_large_image\" \/>\n<meta name=\"twitter:label1\" content=\"Estimation du temps de lecture\" \/>\n\t<meta name=\"twitter:data1\" content=\"3 minutes\" \/>\n<script type=\"application\/ld+json\" class=\"yoast-schema-graph\">{\"@context\":\"https:\\\/\\\/schema.org\",\"@graph\":[{\"@type\":\"WebPage\",\"@id\":\"https:\\\/\\\/indigenousawarenesscanada.com\\\/my-profile\\\/\",\"url\":\"https:\\\/\\\/indigenousawarenesscanada.com\\\/my-profile\\\/\",\"name\":\"My Profile - Indigenous Awareness Canada Online Training\",\"isPartOf\":{\"@id\":\"https:\\\/\\\/indigenousawarenesscanada.com\\\/#website\"},\"datePublished\":\"2015-07-07T22:49:42+00:00\",\"dateModified\":\"2020-03-09T18:53:38+00:00\",\"breadcrumb\":{\"@id\":\"https:\\\/\\\/indigenousawarenesscanada.com\\\/my-profile\\\/#breadcrumb\"},\"inLanguage\":\"fr-CA\",\"potentialAction\":[{\"@type\":\"ReadAction\",\"target\":[\"https:\\\/\\\/indigenousawarenesscanada.com\\\/my-profile\\\/\"]}]},{\"@type\":\"BreadcrumbList\",\"@id\":\"https:\\\/\\\/indigenousawarenesscanada.com\\\/my-profile\\\/#breadcrumb\",\"itemListElement\":[{\"@type\":\"ListItem\",\"position\":1,\"name\":\"Home\",\"item\":\"https:\\\/\\\/indigenousawarenesscanada.com\\\/indigenous-awareness-training-canada\\\/\"},{\"@type\":\"ListItem\",\"position\":2,\"name\":\"My Profile\"}]},{\"@type\":\"WebSite\",\"@id\":\"https:\\\/\\\/indigenousawarenesscanada.com\\\/#website\",\"url\":\"https:\\\/\\\/indigenousawarenesscanada.com\\\/\",\"name\":\"Indigenous Awareness Canada Online Training\",\"description\":\"Online Indigenous Awareness Training\",\"publisher\":{\"@id\":\"https:\\\/\\\/indigenousawarenesscanada.com\\\/#organization\"},\"potentialAction\":[{\"@type\":\"SearchAction\",\"target\":{\"@type\":\"EntryPoint\",\"urlTemplate\":\"https:\\\/\\\/indigenousawarenesscanada.com\\\/?s={search_term_string}\"},\"query-input\":{\"@type\":\"PropertyValueSpecification\",\"valueRequired\":true,\"valueName\":\"search_term_string\"}}],\"inLanguage\":\"fr-CA\"},{\"@type\":\"Organization\",\"@id\":\"https:\\\/\\\/indigenousawarenesscanada.com\\\/#organization\",\"name\":\"Indigenous Awareness Canada\",\"url\":\"https:\\\/\\\/indigenousawarenesscanada.com\\\/\",\"logo\":{\"@type\":\"ImageObject\",\"inLanguage\":\"fr-CA\",\"@id\":\"https:\\\/\\\/indigenousawarenesscanada.com\\\/#\\\/schema\\\/logo\\\/image\\\/\",\"url\":\"https:\\\/\\\/indigenousawarenesscanada.com\\\/wp-content\\\/uploads\\\/logo-Aboriginal-Awareness-Canada-header.png\",\"contentUrl\":\"https:\\\/\\\/indigenousawarenesscanada.com\\\/wp-content\\\/uploads\\\/logo-Aboriginal-Awareness-Canada-header.png\",\"width\":340,\"height\":156,\"caption\":\"Indigenous Awareness Canada\"},\"image\":{\"@id\":\"https:\\\/\\\/indigenousawarenesscanada.com\\\/#\\\/schema\\\/logo\\\/image\\\/\"},\"sameAs\":[\"https:\\\/\\\/www.facebook.com\\\/indigenousawarenesscanada\",\"https:\\\/\\\/www.linkedin.com\\\/company\\\/indigenous-awareness-canada\\\/\"]}]}<\/script>\n<!-- \/ Yoast SEO plugin. -->","yoast_head_json":{"title":"My Profile - Indigenous Awareness Canada Online Training","robots":{"index":"index","follow":"follow","max-snippet":"max-snippet:-1","max-image-preview":"max-image-preview:large","max-video-preview":"max-video-preview:-1"},"canonical":"https:\/\/indigenousawarenesscanada.com\/fr\/my-profile\/","og_locale":"fr_CA","og_type":"article","og_title":"My Profile - Indigenous Awareness Canada Online Training","og_url":"https:\/\/indigenousawarenesscanada.com\/fr\/my-profile\/","og_site_name":"Indigenous Awareness Canada Online Training","article_publisher":"https:\/\/www.facebook.com\/indigenousawarenesscanada","article_modified_time":"2020-03-09T18:53:38+00:00","twitter_card":"summary_large_image","twitter_misc":{"Estimation du temps de lecture":"3 minutes"},"schema":{"@context":"https:\/\/schema.org","@graph":[{"@type":"WebPage","@id":"https:\/\/indigenousawarenesscanada.com\/my-profile\/","url":"https:\/\/indigenousawarenesscanada.com\/my-profile\/","name":"My Profile - Indigenous Awareness Canada Online Training","isPartOf":{"@id":"https:\/\/indigenousawarenesscanada.com\/#website"},"datePublished":"2015-07-07T22:49:42+00:00","dateModified":"2020-03-09T18:53:38+00:00","breadcrumb":{"@id":"https:\/\/indigenousawarenesscanada.com\/my-profile\/#breadcrumb"},"inLanguage":"fr-CA","potentialAction":[{"@type":"ReadAction","target":["https:\/\/indigenousawarenesscanada.com\/my-profile\/"]}]},{"@type":"BreadcrumbList","@id":"https:\/\/indigenousawarenesscanada.com\/my-profile\/#breadcrumb","itemListElement":[{"@type":"ListItem","position":1,"name":"Home","item":"https:\/\/indigenousawarenesscanada.com\/indigenous-awareness-training-canada\/"},{"@type":"ListItem","position":2,"name":"My Profile"}]},{"@type":"WebSite","@id":"https:\/\/indigenousawarenesscanada.com\/#website","url":"https:\/\/indigenousawarenesscanada.com\/","name":"Formation en ligne de Sensibilisation aux Autochtones Canada","description":"Formation en ligne sur la sensibilisation aux Autochtones","publisher":{"@id":"https:\/\/indigenousawarenesscanada.com\/#organization"},"potentialAction":[{"@type":"SearchAction","target":{"@type":"EntryPoint","urlTemplate":"https:\/\/indigenousawarenesscanada.com\/?s={search_term_string}"},"query-input":{"@type":"PropertyValueSpecification","valueRequired":true,"valueName":"search_term_string"}}],"inLanguage":"fr-CA"},{"@type":"Organization","@id":"https:\/\/indigenousawarenesscanada.com\/#organization","name":"Sensibilisation aux Autochtones Canada","url":"https:\/\/indigenousawarenesscanada.com\/","logo":{"@type":"ImageObject","inLanguage":"fr-CA","@id":"https:\/\/indigenousawarenesscanada.com\/#\/schema\/logo\/image\/","url":"https:\/\/indigenousawarenesscanada.com\/wp-content\/uploads\/logo-Aboriginal-Awareness-Canada-header.png","contentUrl":"https:\/\/indigenousawarenesscanada.com\/wp-content\/uploads\/logo-Aboriginal-Awareness-Canada-header.png","width":340,"height":156,"caption":"Indigenous Awareness Canada"},"image":{"@id":"https:\/\/indigenousawarenesscanada.com\/#\/schema\/logo\/image\/"},"sameAs":["https:\/\/www.facebook.com\/indigenousawarenesscanada","https:\/\/www.linkedin.com\/company\/indigenous-awareness-canada\/"]}]}},"_links":{"self":[{"href":"https:\/\/indigenousawarenesscanada.com\/fr\/wp-json\/wp\/v2\/pages\/442","targetHints":{"allow":["GET"]}}],"collection":[{"href":"https:\/\/indigenousawarenesscanada.com\/fr\/wp-json\/wp\/v2\/pages"}],"about":[{"href":"https:\/\/indigenousawarenesscanada.com\/fr\/wp-json\/wp\/v2\/types\/page"}],"author":[{"embeddable":true,"href":"https:\/\/indigenousawarenesscanada.com\/fr\/wp-json\/wp\/v2\/users\/1"}],"replies":[{"embeddable":true,"href":"https:\/\/indigenousawarenesscanada.com\/fr\/wp-json\/wp\/v2\/comments?post=442"}],"version-history":[{"count":48,"href":"https:\/\/indigenousawarenesscanada.com\/fr\/wp-json\/wp\/v2\/pages\/442\/revisions"}],"predecessor-version":[{"id":121504,"href":"https:\/\/indigenousawarenesscanada.com\/fr\/wp-json\/wp\/v2\/pages\/442\/revisions\/121504"}],"wp:attachment":[{"href":"https:\/\/indigenousawarenesscanada.com\/fr\/wp-json\/wp\/v2\/media?parent=442"}],"curies":[{"name":"wp","href":"https:\/\/api.w.org\/{rel}","templated":true}]}}